{"id":80,"date":"2018-11-27T09:57:24","date_gmt":"2018-11-27T09:57:24","guid":{"rendered":"http:\/\/demo.accesspressthemes.com\/store-mart-lite\/?post_type=product&#038;p=80"},"modified":"2026-01-23T15:52:53","modified_gmt":"2026-01-23T15:52:53","slug":"key-lock","status":"publish","type":"product","link":"https:\/\/immersafe.de\/shop\/key-lock\/","title":{"rendered":"Key Lock"},"content":{"rendered":"\t\t<div data-elementor-type=\"wp-post\" data-elementor-id=\"80\" class=\"elementor elementor-80\">\n\t\t\t\t\t\t<section class=\"elementor-section elementor-top-section elementor-element elementor-element-3150c5c elementor-section-boxed elementor-section-height-default elementor-section-height-default\" data-id=\"3150c5c\" data-element_type=\"section\" data-e-type=\"section\">\n\t\t\t\t\t\t<div class=\"elementor-container elementor-column-gap-default\">\n\t\t\t\t\t<div class=\"aux-parallax-section elementor-column elementor-col-100 elementor-top-column elementor-element elementor-element-db54862\" data-id=\"db54862\" data-element_type=\"column\" data-e-type=\"column\">\n\t\t\t<div class=\"elementor-widget-wrap elementor-element-populated\">\n\t\t\t\t\t\t<div class=\"elementor-element elementor-element-7859952 elementor-widget elementor-widget-heading\" data-id=\"7859952\" data-element_type=\"widget\" data-e-type=\"widget\" data-widget_type=\"heading.default\">\n\t\t\t\t<div class=\"elementor-widget-container\">\n\t\t\t\t\t<h2 class=\"elementor-heading-title elementor-size-default\">Key Lock Kabelplombe \u2013 Hochsichere Versiegelung f\u00fcr Container und Transporte<\/h2>\t\t\t\t<\/div>\n\t\t\t\t<\/div>\n\t\t\t\t<div class=\"elementor-element elementor-element-c66cb8c elementor-widget elementor-widget-text-editor\" data-id=\"c66cb8c\" data-element_type=\"widget\" data-e-type=\"widget\" data-widget_type=\"text-editor.default\">\n\t\t\t\t<div class=\"elementor-widget-container\">\n\t\t\t\t\t\t\t\t\t<p>Die <strong>Key Lock Kabelplombe<\/strong> ist eine hochwertige, manipulationssichere Sicherheitsplombe mit einem robusten Geh\u00e4use aus eloxiertem Aluminium und flexiblem Stahlkabel. Sie wurde speziell entwickelt f\u00fcr den Einsatz in der <strong>Logistik, im Transportwesen sowie zur Sicherung von Seecontainern, LKWs, Tanks und T\u00fcren<\/strong>.<\/p><p>Das nicht r\u00fcckziehbare Design sorgt f\u00fcr eine irreversible Versiegelung \u2013 nach dem Verschlie\u00dfen kann das Stahlseil nur durch Zerschneiden entfernt werden. Seriennummern, Logos oder Barcodes k\u00f6nnen per Lasergravur dauerhaft aufgebracht werden, was eine l\u00fcckenlose R\u00fcckverfolgbarkeit erm\u00f6glicht.<\/p>\t\t\t\t\t\t\t\t<\/div>\n\t\t\t\t<\/div>\n\t\t\t\t<div class=\"elementor-element elementor-element-2f33cd2 elementor-widget-divider--view-line elementor-widget elementor-widget-divider\" data-id=\"2f33cd2\" data-element_type=\"widget\" data-e-type=\"widget\" data-widget_type=\"divider.default\">\n\t\t\t\t<div class=\"elementor-widget-container\">\n\t\t\t\t\t\t\t<div class=\"elementor-divider\">\n\t\t\t<span class=\"elementor-divider-separator\">\n\t\t\t\t\t\t<\/span>\n\t\t<\/div>\n\t\t\t\t\t\t<\/div>\n\t\t\t\t<\/div>\n\t\t\t\t<section class=\"elementor-section elementor-inner-section elementor-element elementor-element-d5582e7 elementor-section-boxed elementor-section-height-default elementor-section-height-default\" data-id=\"d5582e7\" data-element_type=\"section\" data-e-type=\"section\">\n\t\t\t\t\t\t<div class=\"elementor-container elementor-column-gap-default\">\n\t\t\t\t\t<div class=\"aux-parallax-section elementor-column elementor-col-50 elementor-inner-column elementor-element elementor-element-0a0b1de\" data-id=\"0a0b1de\" data-element_type=\"column\" data-e-type=\"column\">\n\t\t\t<div class=\"elementor-widget-wrap elementor-element-populated\">\n\t\t\t\t\t\t<div class=\"elementor-element elementor-element-23b59ff elementor-widget elementor-widget-text-editor\" data-id=\"23b59ff\" data-element_type=\"widget\" data-e-type=\"widget\" data-widget_type=\"text-editor.default\">\n\t\t\t\t<div class=\"elementor-widget-container\">\n\t\t\t\t\t\t\t\t\t<p><strong>Technische Daten<\/strong><\/p>\t\t\t\t\t\t\t\t<\/div>\n\t\t\t\t<\/div>\n\t\t\t\t<div class=\"elementor-element elementor-element-d1a790f elementor-widget elementor-widget-wl-product-additional-information\" data-id=\"d1a790f\" data-element_type=\"widget\" data-e-type=\"widget\" data-widget_type=\"wl-product-additional-information.default\">\n\t\t\t\t<div class=\"elementor-widget-container\">\n\t\t\t\t\t\n\t<h2>Zus\u00e4tzliche Informationen<\/h2>\n\n<table class=\"woocommerce-product-attributes shop_attributes\" aria-label=\"Produktdetails\">\n\t\t\t<tr class=\"woocommerce-product-attributes-item woocommerce-product-attributes-item--attribute_pa_material\">\n\t\t\t<th class=\"woocommerce-product-attributes-item__label\" scope=\"row\">Material<\/th>\n\t\t\t<td class=\"woocommerce-product-attributes-item__value\"><p>Acrylonitrile Styrene (AS) mit einem B\u00fcgel aus Edelstahl<\/p>\n<\/td>\n\t\t<\/tr>\n\t<\/table>\n\t\t\t\t<\/div>\n\t\t\t\t<\/div>\n\t\t\t\t<div class=\"elementor-element elementor-element-5c1d96e elementor-widget elementor-widget-aux_icon_list\" data-id=\"5c1d96e\" data-element_type=\"widget\" data-e-type=\"widget\" data-widget_type=\"aux_icon_list.default\">\n\t\t\t\t<div class=\"elementor-widget-container\">\n\t\t\t\t\t<section class=\"widget-container aux-widget-icon-list aux-parent-au874602fb\"><div class=\"widget-inner\"><div class=\"aux-widget-icon-list-inner\"><ul class=\"aux-icon-list-items aux-direction-default\"><li class=\"aux-icon-list-item aux-list-item-has-connector aux-list-item-has-icon aux-icon-list-item-655ae40 elementor-repeater-item-655ae40\"><span class=\"aux-icon-list-text\">\u00d8 Plombenband<\/span><span class=\"aux-list-connector\"><\/span><span class=\"aux-icon-list-text2\">1,2 mm<\/span><\/li><li class=\"aux-icon-list-item aux-list-item-has-connector aux-list-item-has-icon aux-icon-list-item-aa27bbb elementor-repeater-item-aa27bbb\"><span class=\"aux-icon-list-text\">Fahnengr\u00f6\u00dfe<\/span><span class=\"aux-list-connector\"><\/span><span class=\"aux-icon-list-text2\">34 x 25,5 mm<\/span><\/li><li class=\"aux-icon-list-item aux-list-item-has-connector aux-list-item-has-icon aux-icon-list-item-75202f7 elementor-repeater-item-75202f7\"><span class=\"aux-icon-list-text\">Zugfestigkeit<\/span><span class=\"aux-list-connector\"><\/span><span class=\"aux-icon-list-text2\">30-40 kgf<\/span><\/li><li class=\"aux-icon-list-item aux-list-item-has-connector aux-list-item-has-icon aux-icon-list-item-2aba939 elementor-repeater-item-2aba939\"><span class=\"aux-icon-list-text\">Material<\/span><span class=\"aux-list-connector\"><\/span><span class=\"aux-icon-list-text2\">Acrylonitrile Styrene (AS) <br>mit einem B\u00fcgel aus Edelstahl<\/span><\/li><li class=\"aux-icon-list-item aux-list-item-has-connector aux-list-item-has-icon aux-icon-list-item-8505f4e elementor-repeater-item-8505f4e\"><span class=\"aux-icon-list-text\">Verpackung<\/span><span class=\"aux-list-connector\"><\/span><span class=\"aux-icon-list-text2\">20 St\u00fcck in Kunststoffeinsatz<\/span><\/li><li class=\"aux-icon-list-item aux-list-item-has-connector aux-list-item-has-icon aux-icon-list-item-8d27cf1 elementor-repeater-item-8d27cf1\"><span class=\"aux-icon-list-text\">Kartonma\u00dfe<\/span><span class=\"aux-list-connector\"><\/span><span class=\"aux-icon-list-text2\">452 \u00d7 290 \u00d7 183 mm<\/span><\/li><li class=\"aux-icon-list-item aux-list-item-has-connector aux-list-item-has-icon aux-icon-list-item-803e1c5 elementor-repeater-item-803e1c5\"><span class=\"aux-icon-list-text\">Kartongewicht<\/span><span class=\"aux-list-connector\"><\/span><span class=\"aux-icon-list-text2\">5,8 kg<\/span><\/li><\/ul><\/div><\/div><\/section><!-- widget-container -->\t\t\t\t<\/div>\n\t\t\t\t<\/div>\n\t\t\t\t<div class=\"elementor-element elementor-element-bcc7b38 elementor-widget-divider--view-line elementor-widget elementor-widget-divider\" data-id=\"bcc7b38\" data-element_type=\"widget\" data-e-type=\"widget\" data-widget_type=\"divider.default\">\n\t\t\t\t<div class=\"elementor-widget-container\">\n\t\t\t\t\t\t\t<div class=\"elementor-divider\">\n\t\t\t<span class=\"elementor-divider-separator\">\n\t\t\t\t\t\t<\/span>\n\t\t<\/div>\n\t\t\t\t\t\t<\/div>\n\t\t\t\t<\/div>\n\t\t\t\t\t<\/div>\n\t\t<\/div>\n\t\t\t\t<div class=\"aux-parallax-section elementor-column elementor-col-50 elementor-inner-column elementor-element elementor-element-a257ec3\" data-id=\"a257ec3\" data-element_type=\"column\" data-e-type=\"column\">\n\t\t\t<div class=\"elementor-widget-wrap elementor-element-populated\">\n\t\t\t\t\t\t<div class=\"elementor-element elementor-element-34b98b2 elementor-widget elementor-widget-text-editor\" data-id=\"34b98b2\" data-element_type=\"widget\" data-e-type=\"widget\" data-widget_type=\"text-editor.default\">\n\t\t\t\t<div class=\"elementor-widget-container\">\n\t\t\t\t\t\t\t\t\t<p><strong>Anwendungsbereiche<\/strong><\/p>\t\t\t\t\t\t\t\t<\/div>\n\t\t\t\t<\/div>\n\t\t\t\t<div class=\"elementor-element elementor-element-aa63307 elementor-widget elementor-widget-text-editor\" data-id=\"aa63307\" data-element_type=\"widget\" data-e-type=\"widget\" data-widget_type=\"text-editor.default\">\n\t\t\t\t<div class=\"elementor-widget-container\">\n\t\t\t\t\t\t\t\t\t<ul><li>Container- und LKW-Versiegelung<\/li><li>Versiegelung von Industrieanlagen<\/li><li>Sicherung von Tanks, T\u00fcren und Transportkisten<\/li><li>Zoll- und Sicherheitslogistik<\/li><\/ul>\t\t\t\t\t\t\t\t<\/div>\n\t\t\t\t<\/div>\n\t\t\t\t<div class=\"elementor-element elementor-element-14a5111 elementor-widget-divider--view-line elementor-widget elementor-widget-divider\" data-id=\"14a5111\" data-element_type=\"widget\" data-e-type=\"widget\" data-widget_type=\"divider.default\">\n\t\t\t\t<div class=\"elementor-widget-container\">\n\t\t\t\t\t\t\t<div class=\"elementor-divider\">\n\t\t\t<span class=\"elementor-divider-separator\">\n\t\t\t\t\t\t<\/span>\n\t\t<\/div>\n\t\t\t\t\t\t<\/div>\n\t\t\t\t<\/div>\n\t\t\t\t<div class=\"elementor-element elementor-element-586e27c elementor-widget elementor-widget-text-editor\" data-id=\"586e27c\" data-element_type=\"widget\" data-e-type=\"widget\" data-widget_type=\"text-editor.default\">\n\t\t\t\t<div class=\"elementor-widget-container\">\n\t\t\t\t\t\t\t\t\t<p><strong>Produkteigenschaften<\/strong><\/p>\t\t\t\t\t\t\t\t<\/div>\n\t\t\t\t<\/div>\n\t\t\t\t<div class=\"elementor-element elementor-element-4442421 elementor-widget elementor-widget-text-editor\" data-id=\"4442421\" data-element_type=\"widget\" data-e-type=\"widget\" data-widget_type=\"text-editor.default\">\n\t\t\t\t<div class=\"elementor-widget-container\">\n\t\t\t\t\t\t\t\t\t<ul><li>Aluminiumgeh\u00e4use mit hoher Widerstandsf\u00e4higkeit<\/li><li>Flexibles Stahlkabel (verschiedene L\u00e4ngen auf Anfrage)<\/li><li>Einweg-Sicherheitsverschluss<\/li><li>Lasergravierte Seriennummer, optional mit Barcode\/Logo<\/li><li>Ideal f\u00fcr Zollversiegelungen<\/li><li>Einfache Handhabung, hohe Sicherheitsleistung<\/li><\/ul>\t\t\t\t\t\t\t\t<\/div>\n\t\t\t\t<\/div>\n\t\t\t\t\t<\/div>\n\t\t<\/div>\n\t\t\t\t\t<\/div>\n\t\t<\/section>\n\t\t\t\t\t<\/div>\n\t\t<\/div>\n\t\t\t\t\t<\/div>\n\t\t<\/section>\n\t\t\t\t<\/div>\n\t\t","protected":false},"excerpt":{"rendered":"<p>Key Lock Kabelplombe \u2013 Hochsichere Versiegelung f\u00fcr Container und Transporte Die Key Lock Kabelplombe ist eine hochwertige, manipulationssichere Sicherheitsplombe mit einem robusten Geh\u00e4use aus eloxiertem Aluminium und flexiblem Stahlkabel. Sie wurde speziell entwickelt f\u00fcr den Einsatz in der Logistik, im Transportwesen sowie zur Sicherung von Seecontainern, LKWs, Tanks und T\u00fcren. Das nicht r\u00fcckziehbare Design sorgt [&hellip;]<\/p>\n","protected":false},"featured_media":5469,"template":"","meta":{"_acf_changed":false},"product_brand":[256],"product_cat":[33,230,103,47],"product_tag":[],"class_list":{"0":"post-80","1":"product","2":"type-product","3":"status-publish","4":"has-post-thumbnail","6":"product_brand-immersafe","7":"product_cat-sicherheitsplomben","8":"product_cat-spezielle-plomben","9":"product_cat-vorhangeschlossplomben","10":"product_cat-zaehlerplomben","12":"first","13":"instock","14":"taxable","15":"shipping-taxable","16":"purchasable","17":"product-type-simple"},"acf":[],"tiered_pricing_type":"fixed","tiered_pricing_fixed_rules":[],"tiered_pricing_product_settings":{"layout":"default","base_unit_name":{"singular":null,"plural":null},"default_variation":null},"tiered_pricing_minimum_quantity":null,"tiered_pricing_roles_data":[],"tiered_pricing_percentage_rules":[],"_links":{"self":[{"href":"https:\/\/immersafe.de\/shop\/wp-json\/wp\/v2\/product\/80","targetHints":{"allow":["GET"]}}],"collection":[{"href":"https:\/\/immersafe.de\/shop\/wp-json\/wp\/v2\/product"}],"about":[{"href":"https:\/\/immersafe.de\/shop\/wp-json\/wp\/v2\/types\/product"}],"version-history":[{"count":19,"href":"https:\/\/immersafe.de\/shop\/wp-json\/wp\/v2\/product\/80\/revisions"}],"predecessor-version":[{"id":7707,"href":"https:\/\/immersafe.de\/shop\/wp-json\/wp\/v2\/product\/80\/revisions\/7707"}],"wp:featuredmedia":[{"embeddable":true,"href":"https:\/\/immersafe.de\/shop\/wp-json\/wp\/v2\/media\/5469"}],"wp:attachment":[{"href":"https:\/\/immersafe.de\/shop\/wp-json\/wp\/v2\/media?parent=80"}],"wp:term":[{"taxonomy":"product_brand","embeddable":true,"href":"https:\/\/immersafe.de\/shop\/wp-json\/wp\/v2\/product_brand?post=80"},{"taxonomy":"product_cat","embeddable":true,"href":"https:\/\/immersafe.de\/shop\/wp-json\/wp\/v2\/product_cat?post=80"},{"taxonomy":"product_tag","embeddable":true,"href":"https:\/\/immersafe.de\/shop\/wp-json\/wp\/v2\/product_tag?post=80"}],"curies":[{"name":"wp","href":"https:\/\/api.w.org\/{rel}","templated":true}]}}