{"id":8178,"date":"2026-04-29T12:00:56","date_gmt":"2026-04-29T12:00:56","guid":{"rendered":"https:\/\/immersafe.de\/shop\/?post_type=product&#038;p=8178"},"modified":"2026-04-29T13:23:12","modified_gmt":"2026-04-29T13:23:12","slug":"temp10th-fresh","status":"publish","type":"product","link":"https:\/\/immersafe.de\/shop\/temp10th-fresh\/","title":{"rendered":"Temp10TH Fresh"},"content":{"rendered":"\t\t<div data-elementor-type=\"wp-post\" data-elementor-id=\"8178\" class=\"elementor elementor-8178\">\n\t\t\t\t\t\t<section class=\"elementor-section elementor-top-section elementor-element elementor-element-af7830e elementor-section-boxed elementor-section-height-default elementor-section-height-default\" data-id=\"af7830e\" data-element_type=\"section\" data-e-type=\"section\">\n\t\t\t\t\t\t<div class=\"elementor-container elementor-column-gap-default\">\n\t\t\t\t\t<div class=\"aux-parallax-section elementor-column elementor-col-100 elementor-top-column elementor-element elementor-element-788d7d6\" data-id=\"788d7d6\" data-element_type=\"column\" data-e-type=\"column\">\n\t\t\t<div class=\"elementor-widget-wrap elementor-element-populated\">\n\t\t\t\t\t\t<div class=\"elementor-element elementor-element-8a90128 elementor-widget elementor-widget-text-editor\" data-id=\"8a90128\" data-element_type=\"widget\" data-e-type=\"widget\" data-widget_type=\"text-editor.default\">\n\t\t\t\t<div class=\"elementor-widget-container\">\n\t\t\t\t\t\t\t\t\t<h2 data-start=\"113\" data-end=\"189\"><strong data-start=\"113\" data-end=\"189\">Temp10TH Temperatur-Datenlogger \u2013 Zuverl\u00e4ssige \u00dcberwachung der K\u00fchlkette<\/strong><\/h2><p data-start=\"191\" data-end=\"420\">Der Temp10TH ist ein benutzerfreundlicher und pr\u00e4ziser Temperatur-Datenlogger (auch als Temperatur-Logger oder Temperaturindikator bezeichnet) zur Aufzeichnung von Temperatur und Luftfeuchtigkeit w\u00e4hrend Transport und Lagerung.<\/p><p data-start=\"422\" data-end=\"825\">Als Nachfolger des Temp8B eignet sich dieses Modell ideal f\u00fcr die Lebensmittelindustrie, die chemische Industrie sowie logistische Lieferketten. Dank seines robusten Geh\u00e4uses, des gut ablesbaren LCD-Displays und der einfachen Bedienung erf\u00fcllt er alle Anforderungen an eine zuverl\u00e4ssige Temperatur\u00fcberwachung in der K\u00fchlkette. Eine Variante f\u00fcr den Healthcare- und Pharmabereich ist ebenfalls verf\u00fcgbar.<\/p><p data-start=\"827\" data-end=\"1011\">Der gr\u00f6\u00dfte Unterschied zwischen dem Temp10TH und dem Temp8B besteht darin, dass der Temp8B eine l\u00e4ngere Messdauer bietet, w\u00e4hrend der Temp10TH in allen anderen Bereichen \u00fcberlegen ist.<\/p>\t\t\t\t\t\t\t\t<\/div>\n\t\t\t\t<\/div>\n\t\t\t\t<section class=\"elementor-section elementor-inner-section elementor-element elementor-element-fc64ac5 elementor-section-boxed elementor-section-height-default elementor-section-height-default\" data-id=\"fc64ac5\" data-element_type=\"section\" data-e-type=\"section\">\n\t\t\t\t\t\t<div class=\"elementor-container elementor-column-gap-default\">\n\t\t\t\t\t<div class=\"aux-parallax-section elementor-column elementor-col-50 elementor-inner-column elementor-element elementor-element-92e27a4\" data-id=\"92e27a4\" data-element_type=\"column\" data-e-type=\"column\">\n\t\t\t<div class=\"elementor-widget-wrap elementor-element-populated\">\n\t\t\t\t\t\t<div class=\"elementor-element elementor-element-88fdb06 elementor-widget elementor-widget-text-editor\" data-id=\"88fdb06\" data-element_type=\"widget\" data-e-type=\"widget\" data-widget_type=\"text-editor.default\">\n\t\t\t\t<div class=\"elementor-widget-container\">\n\t\t\t\t\t\t\t\t\t<hr data-start=\"730\" data-end=\"733\" \/><h3 data-section-id=\"xxonah\" data-start=\"735\" data-end=\"755\"><span role=\"text\"><strong data-start=\"738\" data-end=\"755\">Hauptmerkmale<\/strong><\/span><\/h3><ul data-start=\"757\" data-end=\"1448\"><li data-section-id=\"1lvuvp6\" data-start=\"1040\" data-end=\"1089\"><strong data-start=\"1042\" data-end=\"1071\">Messbereich (Temperatur):<\/strong> -30\u00b0C bis +70\u00b0C<\/li><li data-section-id=\"gcc1sk\" data-start=\"1090\" data-end=\"1130\"><strong data-start=\"1092\" data-end=\"1121\">Genauigkeit (Temperatur):<\/strong> \u00b10,5\u00b0C<\/li><li data-section-id=\"1lplu6d\" data-start=\"1131\" data-end=\"1169\"><strong data-start=\"1133\" data-end=\"1154\">Luftfeuchtigkeit:<\/strong> 0% \u2013 100% RH<\/li><li data-section-id=\"y0gxkv\" data-start=\"1170\" data-end=\"1212\"><strong data-start=\"1172\" data-end=\"1203\">Genauigkeit (Feuchtigkeit):<\/strong> \u00b13% RH<\/li><li data-section-id=\"1hjaiqx\" data-start=\"1213\" data-end=\"1256\"><strong data-start=\"1215\" data-end=\"1237\">Speicherkapazit\u00e4t:<\/strong> 65.000 Messwerte<\/li><li data-section-id=\"11v6aph\" data-start=\"1257\" data-end=\"1320\"><strong data-start=\"1259\" data-end=\"1275\">LCD-Display:<\/strong> Echtzeit-Anzeige von Temperatur und Status<\/li><li data-section-id=\"1r4g39o\" data-start=\"1321\" data-end=\"1387\"><strong data-start=\"1323\" data-end=\"1337\">Messdauer:<\/strong> bis zu 90 Tage nach Aktivierung (max. 120 Tage)<\/li><li data-section-id=\"1sii5k7\" data-start=\"1388\" data-end=\"1428\"><strong data-start=\"1390\" data-end=\"1411\">Batterielaufzeit:<\/strong> bis zu 2 Jahre<\/li><li data-section-id=\"hfkl7g\" data-start=\"1429\" data-end=\"1510\"><strong data-start=\"1431\" data-end=\"1449\">Startoptionen:<\/strong> manuell per Knopfdruck oder mit voreingestellter Startzeit<\/li><li data-section-id=\"1wh7493\" data-start=\"1511\" data-end=\"1613\"><strong data-start=\"1513\" data-end=\"1531\">Alarmfunktion:<\/strong> konfigurierbare Grenzwerte f\u00fcr hohe und niedrige Temperaturen <br \/>(bis zu 6 Alarme)<\/li><li data-section-id=\"ag4jj9\" data-start=\"1614\" data-end=\"1679\"><strong data-start=\"1616\" data-end=\"1634\">Messintervall:<\/strong> einstellbar von 10 Sekunden bis 18 Stunden<\/li><li data-section-id=\"1ta7fpt\" data-start=\"1680\" data-end=\"1741\"><strong data-start=\"1682\" data-end=\"1699\">Schutzklasse:<\/strong> IP54 \u2013 staub- und spritzwassergesch\u00fctzt<\/li><li data-section-id=\"6g2ip2\" data-start=\"1742\" data-end=\"1928\"><strong data-start=\"1744\" data-end=\"1766\">Berichterstellung:<\/strong> automatische PDF- und CSV-Berichte via USB (Plug &amp; Play, keine Software erforderlich). Zwischenablesung ist m\u00f6glich, jedoch handelt es sich um ein Einwegger\u00e4t.<\/li><li data-section-id=\"bav4l8\" data-start=\"1929\" data-end=\"1983\"><strong data-start=\"1931\" data-end=\"1957\">Abmessungen &amp; Gewicht:<\/strong> <br \/>94 \u00d7 41 \u00d7 8 mm | 27,5 g<\/li><li data-section-id=\"a56oee\" data-start=\"1984\" data-end=\"2095\"><strong data-start=\"1986\" data-end=\"2006\">IATA-zugelassen:<\/strong> geeignet f\u00fcr den Lufttransport mit FedEx, DHL, UPS, Icelandair, Cargolux und Lufthansa<\/li><\/ul>\t\t\t\t\t\t\t\t<\/div>\n\t\t\t\t<\/div>\n\t\t\t\t\t<\/div>\n\t\t<\/div>\n\t\t\t\t<div class=\"aux-parallax-section elementor-column elementor-col-50 elementor-inner-column elementor-element elementor-element-dcdfd84\" data-id=\"dcdfd84\" data-element_type=\"column\" data-e-type=\"column\">\n\t\t\t<div class=\"elementor-widget-wrap elementor-element-populated\">\n\t\t\t\t\t\t<div class=\"elementor-element elementor-element-192f406 elementor-widget elementor-widget-text-editor\" data-id=\"192f406\" data-element_type=\"widget\" data-e-type=\"widget\" data-widget_type=\"text-editor.default\">\n\t\t\t\t<div class=\"elementor-widget-container\">\n\t\t\t\t\t\t\t\t\t<h3 data-section-id=\"110hyfi\" data-start=\"1455\" data-end=\"1497\"><span role=\"text\"><strong data-start=\"1458\" data-end=\"1497\">Warum den Temp10TH Datenlogger w\u00e4hlen?<\/strong><\/span><\/h3><ul data-start=\"1499\" data-end=\"1885\"><li data-section-id=\"qbi4ho\" data-start=\"2149\" data-end=\"2218\"><strong data-start=\"2151\" data-end=\"2176\">Sofort einsatzbereit:<\/strong> keine Softwareinstallation erforderlich<\/li><li data-section-id=\"1q6qkzz\" data-start=\"2219\" data-end=\"2293\"><strong data-start=\"2221\" data-end=\"2247\">Lufttransport-konform:<\/strong> akzeptiert von f\u00fchrenden Fluggesellschaften<\/li><li data-section-id=\"1e6zktl\" data-start=\"2294\" data-end=\"2375\"><strong data-start=\"2296\" data-end=\"2323\">Zuverl\u00e4ssige Messungen:<\/strong> hohe Genauigkeit f\u00fcr kritische Temperaturbereiche<\/li><li data-section-id=\"t5t8v1\" data-start=\"2376\" data-end=\"2460\"><strong data-start=\"2378\" data-end=\"2413\">Automatische Berichterstellung:<\/strong> PDF- und CSV-Dateien werden direkt generiert<\/li><li data-section-id=\"f79k1n\" data-start=\"2461\" data-end=\"2540\"><strong data-start=\"2463\" data-end=\"2488\">Langfristige Nutzung:<\/strong> bis zu 120 Tage Messdauer, lange Batterielaufzeit<\/li><li data-section-id=\"weo4xf\" data-start=\"2541\" data-end=\"2623\"><strong data-start=\"2543\" data-end=\"2568\">Robust und langlebig:<\/strong> f\u00fcr anspruchsvolle logistische Bedingungen ausgelegt<\/li><\/ul>\t\t\t\t\t\t\t\t<\/div>\n\t\t\t\t<\/div>\n\t\t\t\t<div class=\"elementor-element elementor-element-052a817 elementor-widget elementor-widget-text-editor\" data-id=\"052a817\" data-element_type=\"widget\" data-e-type=\"widget\" data-widget_type=\"text-editor.default\">\n\t\t\t\t<div class=\"elementor-widget-container\">\n\t\t\t\t\t\t\t\t\t<h3 data-section-id=\"r2tane\" data-start=\"1892\" data-end=\"1917\"><span role=\"text\"><strong data-start=\"1895\" data-end=\"1917\">Anwendungsbereiche<\/strong><\/span><\/h3><ul data-start=\"1919\" data-end=\"2262\"><li data-section-id=\"17cjwxk\" data-start=\"2657\" data-end=\"2731\"><strong data-start=\"2659\" data-end=\"2685\">Lebensmittelindustrie:<\/strong> \u00dcberwachung von K\u00fchl- und Tiefk\u00fchlprodukten<\/li><li data-section-id=\"x05hoa\" data-start=\"2732\" data-end=\"2804\"><strong data-start=\"2734\" data-end=\"2745\">Pharma:<\/strong> Transport von Impfstoffen und Medikamenten (GDP-konform)<\/li><li data-section-id=\"1qhyhe1\" data-start=\"2805\" data-end=\"2871\"><strong data-start=\"2807\" data-end=\"2831\">Chemische Industrie:<\/strong> Schutz temperaturempfindlicher Stoffe<\/li><li data-section-id=\"1n6qyvp\" data-start=\"2872\" data-end=\"2915\"><strong data-start=\"2874\" data-end=\"2887\">Logistik:<\/strong> Container, Lkw, K\u00fchlr\u00e4ume<\/li><li data-section-id=\"tvlmhg\" data-start=\"2916\" data-end=\"2964\"><strong data-start=\"2918\" data-end=\"2929\">Labore:<\/strong> Qualit\u00e4tskontrolle und Forschung<\/li><\/ul>\t\t\t\t\t\t\t\t<\/div>\n\t\t\t\t<\/div>\n\t\t\t\t\t<\/div>\n\t\t<\/div>\n\t\t\t\t\t<\/div>\n\t\t<\/section>\n\t\t\t\t<div class=\"elementor-element elementor-element-e88d7e0 elementor-widget elementor-widget-text-editor\" data-id=\"e88d7e0\" data-element_type=\"widget\" data-e-type=\"widget\" data-widget_type=\"text-editor.default\">\n\t\t\t\t<div class=\"elementor-widget-container\">\n\t\t\t\t\t\t\t\t\t<h3 data-section-id=\"1i4vpap\" data-start=\"2269\" data-end=\"2290\"><span role=\"text\"><strong data-start=\"2272\" data-end=\"2290\">Funktionsweise<\/strong><\/span><\/h3><p data-start=\"2994\" data-end=\"3275\">Platzieren Sie den Temp10TH Temperatur-Datenlogger in der gew\u00fcnschten Umgebung und aktivieren Sie ihn einfach per Knopfdruck oder \u00fcber eine voreingestellte Startzeit. W\u00e4hrend des Betriebs zeigt das LCD-Display den aktuellen Status sowie die Temperatur- und Feuchtigkeitswerte an.<\/p><p data-start=\"3277\" data-end=\"3432\">Nach Abschluss verbinden Sie den Logger per USB mit Ihrem Computer \u2013 die PDF- und CSV-Berichte werden automatisch erstellt, ganz ohne zus\u00e4tzliche Software.<\/p><ul data-start=\"3434\" data-end=\"3499\"><li data-section-id=\"1vgxmet\" data-start=\"3434\" data-end=\"3499\"><strong data-start=\"3436\" data-end=\"3469\">3 Sekunden Starttaste dr\u00fccken<\/strong>, um das Ger\u00e4t zu aktivieren<\/li><\/ul>\t\t\t\t\t\t\t\t<\/div>\n\t\t\t\t<\/div>\n\t\t\t\t\t<\/div>\n\t\t<\/div>\n\t\t\t\t\t<\/div>\n\t\t<\/section>\n\t\t\t\t<\/div>\n\t\t","protected":false},"excerpt":{"rendered":"<p>Temp10TH Temperatur-Datenlogger \u2013 Zuverl\u00e4ssige \u00dcberwachung der K\u00fchlkette Der Temp10TH ist ein benutzerfreundlicher und pr\u00e4ziser Temperatur-Datenlogger (auch als Temperatur-Logger oder Temperaturindikator bezeichnet) zur Aufzeichnung von Temperatur und Luftfeuchtigkeit w\u00e4hrend Transport und Lagerung. Als Nachfolger des Temp8B eignet sich dieses Modell ideal f\u00fcr die Lebensmittelindustrie, die chemische Industrie sowie logistische Lieferketten. Dank seines robusten Geh\u00e4uses, des gut [&hellip;]<\/p>\n","protected":false},"featured_media":8184,"template":"","meta":{"_acf_changed":false,"postBodyCss":"","postBodyMargin":[],"postBodyPadding":[],"postBodyBackground":{"backgroundType":"classic","gradient":""}},"product_brand":[],"product_cat":[259,238,176],"product_tag":[],"class_list":{"0":"post-8178","1":"product","2":"type-product","3":"status-publish","4":"has-post-thumbnail","6":"product_cat-indikatoren","7":"product_cat-spezialprodukte","8":"product_cat-temperatur-datenlogger","10":"first","11":"instock","12":"taxable","13":"shipping-taxable","14":"purchasable","15":"product-type-simple"},"acf":[],"tiered_pricing_type":"fixed","tiered_pricing_fixed_rules":[],"tiered_pricing_product_settings":{"layout":"default","base_unit_name":{"singular":null,"plural":null},"default_variation":null},"tiered_pricing_minimum_quantity":null,"tiered_pricing_roles_data":[],"tiered_pricing_percentage_rules":[],"_links":{"self":[{"href":"https:\/\/immersafe.de\/shop\/wp-json\/wp\/v2\/product\/8178","targetHints":{"allow":["GET"]}}],"collection":[{"href":"https:\/\/immersafe.de\/shop\/wp-json\/wp\/v2\/product"}],"about":[{"href":"https:\/\/immersafe.de\/shop\/wp-json\/wp\/v2\/types\/product"}],"version-history":[{"count":8,"href":"https:\/\/immersafe.de\/shop\/wp-json\/wp\/v2\/product\/8178\/revisions"}],"predecessor-version":[{"id":8216,"href":"https:\/\/immersafe.de\/shop\/wp-json\/wp\/v2\/product\/8178\/revisions\/8216"}],"wp:featuredmedia":[{"embeddable":true,"href":"https:\/\/immersafe.de\/shop\/wp-json\/wp\/v2\/media\/8184"}],"wp:attachment":[{"href":"https:\/\/immersafe.de\/shop\/wp-json\/wp\/v2\/media?parent=8178"}],"wp:term":[{"taxonomy":"product_brand","embeddable":true,"href":"https:\/\/immersafe.de\/shop\/wp-json\/wp\/v2\/product_brand?post=8178"},{"taxonomy":"product_cat","embeddable":true,"href":"https:\/\/immersafe.de\/shop\/wp-json\/wp\/v2\/product_cat?post=8178"},{"taxonomy":"product_tag","embeddable":true,"href":"https:\/\/immersafe.de\/shop\/wp-json\/wp\/v2\/product_tag?post=8178"}],"curies":[{"name":"wp","href":"https:\/\/api.w.org\/{rel}","templated":true}]}}