{"id":8182,"date":"2026-04-29T12:05:53","date_gmt":"2026-04-29T12:05:53","guid":{"rendered":"https:\/\/immersafe.de\/shop\/?post_type=product&#038;p=8182"},"modified":"2026-04-29T13:17:15","modified_gmt":"2026-04-29T13:17:15","slug":"temp8b","status":"publish","type":"product","link":"https:\/\/immersafe.de\/shop\/temp8b\/","title":{"rendered":"Temp8B"},"content":{"rendered":"\t\t<div data-elementor-type=\"wp-post\" data-elementor-id=\"8182\" class=\"elementor elementor-8182\">\n\t\t\t\t\t\t<section class=\"elementor-section elementor-top-section elementor-element elementor-element-61e931c elementor-section-boxed elementor-section-height-default elementor-section-height-default\" data-id=\"61e931c\" data-element_type=\"section\" data-e-type=\"section\">\n\t\t\t\t\t\t<div class=\"elementor-container elementor-column-gap-default\">\n\t\t\t\t\t<div class=\"aux-parallax-section elementor-column elementor-col-100 elementor-top-column elementor-element elementor-element-5935d56\" data-id=\"5935d56\" data-element_type=\"column\" data-e-type=\"column\">\n\t\t\t<div class=\"elementor-widget-wrap elementor-element-populated\">\n\t\t\t\t\t\t<div class=\"elementor-element elementor-element-1a1d1fd elementor-widget elementor-widget-text-editor\" data-id=\"1a1d1fd\" data-element_type=\"widget\" data-e-type=\"widget\" data-widget_type=\"text-editor.default\">\n\t\t\t\t<div class=\"elementor-widget-container\">\n\t\t\t\t\t\t\t\t\t<h2 data-section-id=\"8ylyb\" data-start=\"284\" data-end=\"377\"><span role=\"text\"><strong data-start=\"287\" data-end=\"377\">Temp8B Temperatur- &amp; Feuchtigkeits-Datenlogger \u2013 Volle Kontrolle \u00fcber Klimabedingungen<\/strong><\/span><\/h2><p data-start=\"379\" data-end=\"615\">Der Temp8B ist ein fortschrittlicher Temperatur- und Luftfeuchtigkeits-Datenlogger (auch als Temperatur- und Feuchtigkeitsmonitor bezeichnet), der zur Aufzeichnung kritischer Klimadaten w\u00e4hrend Transport und Lagerung entwickelt wurde.<\/p><p data-start=\"617\" data-end=\"859\">Dieser Logger ist unverzichtbar in Branchen, in denen eine pr\u00e4zise \u00dcberwachung von Temperatur und relativer Luftfeuchtigkeit erforderlich ist \u2013 wie in der Pharmaindustrie, der chemischen Industrie und in der hochwertigen Lebensmittellogistik.<\/p>\t\t\t\t\t\t\t\t<\/div>\n\t\t\t\t<\/div>\n\t\t\t\t<section class=\"elementor-section elementor-inner-section elementor-element elementor-element-6341dcd elementor-section-boxed elementor-section-height-default elementor-section-height-default\" data-id=\"6341dcd\" data-element_type=\"section\" data-e-type=\"section\">\n\t\t\t\t\t\t<div class=\"elementor-container elementor-column-gap-default\">\n\t\t\t\t\t<div class=\"aux-parallax-section elementor-column elementor-col-50 elementor-inner-column elementor-element elementor-element-bbb28a9\" data-id=\"bbb28a9\" data-element_type=\"column\" data-e-type=\"column\">\n\t\t\t<div class=\"elementor-widget-wrap elementor-element-populated\">\n\t\t\t\t\t\t<div class=\"elementor-element elementor-element-75bd59b elementor-widget elementor-widget-text-editor\" data-id=\"75bd59b\" data-element_type=\"widget\" data-e-type=\"widget\" data-widget_type=\"text-editor.default\">\n\t\t\t\t<div class=\"elementor-widget-container\">\n\t\t\t\t\t\t\t\t\t<hr data-start=\"730\" data-end=\"733\" \/><h3 data-section-id=\"xxonah\" data-start=\"735\" data-end=\"755\"><span role=\"text\"><strong data-start=\"738\" data-end=\"755\">Hauptmerkmale<\/strong><\/span><\/h3><ul data-start=\"757\" data-end=\"1448\"><li data-section-id=\"10mtuia\" data-start=\"888\" data-end=\"930\"><strong data-start=\"890\" data-end=\"912\">Temperaturbereich:<\/strong> -30\u00b0C bis +60\u00b0C<\/li><li data-section-id=\"f9gmak\" data-start=\"931\" data-end=\"974\"><strong data-start=\"933\" data-end=\"958\">Feuchtigkeitsbereich:<\/strong> 5% bis 95% RH<\/li><li data-section-id=\"1v1dp4h\" data-start=\"975\" data-end=\"1062\"><strong data-start=\"977\" data-end=\"993\">Genauigkeit:<\/strong> \u00b10,5\u00b0C (-20\u00b0C bis +40\u00b0C), \u00b11\u00b0C (\u00fcbriger Bereich), \u00b15% RH (10%\u201390%)<\/li><li data-section-id=\"17g23d7\" data-start=\"1063\" data-end=\"1087\"><strong data-start=\"1065\" data-end=\"1079\">Aufl\u00f6sung:<\/strong> 0,1\u00b0C<\/li><li data-section-id=\"15g1ex7\" data-start=\"1088\" data-end=\"1131\"><strong data-start=\"1090\" data-end=\"1112\">Speicherkapazit\u00e4t:<\/strong> 32.000 Messwerte<\/li><li data-section-id=\"1edgn8e\" data-start=\"1132\" data-end=\"1205\"><strong data-start=\"1134\" data-end=\"1150\">LCD-Display:<\/strong> Echtzeit-Anzeige von Temperatur und Luftfeuchtigkeit<\/li><li data-section-id=\"fm20rt\" data-start=\"1206\" data-end=\"1257\"><strong data-start=\"1208\" data-end=\"1222\">Messdauer:<\/strong> bis zu 210 Tage nach Aktivierung<\/li><li data-section-id=\"1sii5k7\" data-start=\"1258\" data-end=\"1298\"><strong data-start=\"1260\" data-end=\"1281\">Batterielaufzeit:<\/strong> bis zu 2 Jahre<\/li><li data-section-id=\"11fi6sg\" data-start=\"1299\" data-end=\"1348\"><strong data-start=\"1301\" data-end=\"1319\">Startoptionen:<\/strong> manuell oder zeitgesteuert<\/li><li data-section-id=\"47v0d7\" data-start=\"1349\" data-end=\"1419\"><strong data-start=\"1351\" data-end=\"1369\">Alarmfunktion:<\/strong> einstellbar f\u00fcr Temperatur und Luftfeuchtigkeit<\/li><li data-section-id=\"1ta7fpt\" data-start=\"1420\" data-end=\"1481\"><strong data-start=\"1422\" data-end=\"1439\">Schutzklasse:<\/strong> IP54 \u2013 staub- und spritzwassergesch\u00fctzt<\/li><li data-section-id=\"1ebi49r\" data-start=\"1482\" data-end=\"1594\"><strong data-start=\"1484\" data-end=\"1506\">Berichterstellung:<\/strong> automatische PDF- und CSV-Berichte via USB (Plug &amp; Play, keine Software erforderlich)<\/li><li data-section-id=\"lrofn0\" data-start=\"1595\" data-end=\"1651\"><strong data-start=\"1597\" data-end=\"1623\">Abmessungen &amp; Gewicht:<\/strong> <br \/>95,5 \u00d7 49 \u00d7 7,8 mm | 25 g<\/li><\/ul>\t\t\t\t\t\t\t\t<\/div>\n\t\t\t\t<\/div>\n\t\t\t\t\t<\/div>\n\t\t<\/div>\n\t\t\t\t<div class=\"aux-parallax-section elementor-column elementor-col-50 elementor-inner-column elementor-element elementor-element-ab07ac2\" data-id=\"ab07ac2\" data-element_type=\"column\" data-e-type=\"column\">\n\t\t\t<div class=\"elementor-widget-wrap elementor-element-populated\">\n\t\t\t\t\t\t<div class=\"elementor-element elementor-element-517ac0b elementor-widget elementor-widget-text-editor\" data-id=\"517ac0b\" data-element_type=\"widget\" data-e-type=\"widget\" data-widget_type=\"text-editor.default\">\n\t\t\t\t<div class=\"elementor-widget-container\">\n\t\t\t\t\t\t\t\t\t<h3 data-section-id=\"110hyfi\" data-start=\"1455\" data-end=\"1497\"><span role=\"text\"><strong data-start=\"1458\" data-end=\"1497\">Warum den Temp8B Datenlogger w\u00e4hlen?<\/strong><\/span><\/h3><ul data-start=\"1499\" data-end=\"1885\"><li data-section-id=\"23lzfw\" data-start=\"1703\" data-end=\"1804\"><strong data-start=\"1705\" data-end=\"1765\">Kombinierte Messung von Temperatur und Luftfeuchtigkeit:<\/strong> ein Ger\u00e4t f\u00fcr vollst\u00e4ndige Kontrolle<\/li><li data-section-id=\"1xkj803\" data-start=\"1805\" data-end=\"1893\"><strong data-start=\"1807\" data-end=\"1830\">Benutzerfreundlich:<\/strong> keine Softwareinstallation erforderlich, Plug &amp; Play via USB<\/li><li data-section-id=\"znlkq5\" data-start=\"1894\" data-end=\"1986\"><strong data-start=\"1896\" data-end=\"1919\">Zuverl\u00e4ssige Daten:<\/strong> pr\u00e4zise Messungen, einstellbare Alarme und automatische Berichte<\/li><li data-section-id=\"1jpzwp7\" data-start=\"1987\" data-end=\"2075\"><strong data-start=\"1989\" data-end=\"2014\">Langfristige Nutzung:<\/strong> Batterielaufzeit bis zu 2 Jahre, Messdauer bis zu 210 Tage<\/li><\/ul>\t\t\t\t\t\t\t\t<\/div>\n\t\t\t\t<\/div>\n\t\t\t\t<div class=\"elementor-element elementor-element-fa3ecfa elementor-widget elementor-widget-text-editor\" data-id=\"fa3ecfa\" data-element_type=\"widget\" data-e-type=\"widget\" data-widget_type=\"text-editor.default\">\n\t\t\t\t<div class=\"elementor-widget-container\">\n\t\t\t\t\t\t\t\t\t<h3 data-section-id=\"r2tane\" data-start=\"1892\" data-end=\"1917\"><span role=\"text\"><strong data-start=\"1895\" data-end=\"1917\">Anwendungsbereiche<\/strong><\/span><\/h3><ul data-start=\"1919\" data-end=\"2262\"><li data-section-id=\"bbcgdg\" data-start=\"2109\" data-end=\"2194\"><strong data-start=\"2111\" data-end=\"2122\">Pharma:<\/strong> Transport und Lagerung von Medikamenten und Impfstoffen (GDP-konform)<\/li><li data-section-id=\"92g805\" data-start=\"2195\" data-end=\"2266\"><strong data-start=\"2197\" data-end=\"2221\">Chemische Industrie:<\/strong> sichere Lagerung empfindlicher Materialien<\/li><li data-section-id=\"veai3k\" data-start=\"2267\" data-end=\"2356\"><strong data-start=\"2269\" data-end=\"2295\">Lebensmittelindustrie:<\/strong> hochwertige Produkte wie Fleisch, Milchprodukte und Gem\u00fcse<\/li><li data-section-id=\"1wkzhb5\" data-start=\"2357\" data-end=\"2438\"><strong data-start=\"2359\" data-end=\"2382\">High-Tech-Logistik:<\/strong> Elektronik oder andere feuchtigkeitssensible Produkte<\/li><li data-section-id=\"tvlmhg\" data-start=\"2439\" data-end=\"2487\"><strong data-start=\"2441\" data-end=\"2452\">Labore:<\/strong> Qualit\u00e4tskontrolle und Forschung<\/li><\/ul>\t\t\t\t\t\t\t\t<\/div>\n\t\t\t\t<\/div>\n\t\t\t\t\t<\/div>\n\t\t<\/div>\n\t\t\t\t\t<\/div>\n\t\t<\/section>\n\t\t\t\t<div class=\"elementor-element elementor-element-d27c659 elementor-widget elementor-widget-text-editor\" data-id=\"d27c659\" data-element_type=\"widget\" data-e-type=\"widget\" data-widget_type=\"text-editor.default\">\n\t\t\t\t<div class=\"elementor-widget-container\">\n\t\t\t\t\t\t\t\t\t<h3 data-section-id=\"1i4vpap\" data-start=\"2269\" data-end=\"2290\"><span role=\"text\"><strong data-start=\"2272\" data-end=\"2290\">Funktionsweise<\/strong><\/span><\/h3><p data-start=\"2517\" data-end=\"2763\">Platzieren Sie den Temp8B Datenlogger in der gew\u00fcnschten Umgebung. Starten Sie ihn manuell oder legen Sie vorab eine Startzeit fest. W\u00e4hrend des Betriebs zeigt das LCD-Display die aktuellen Temperatur- und Luftfeuchtigkeitswerte in Echtzeit an.<\/p><p data-start=\"2765\" data-end=\"2930\">Nach Abschluss verbinden Sie den Logger per USB mit Ihrem Computer \u2013 die Berichte im PDF- und CSV-Format werden automatisch erstellt, ganz ohne zus\u00e4tzliche Software.<\/p><ul data-start=\"2932\" data-end=\"3142\"><li data-section-id=\"1vgxmet\" data-start=\"2932\" data-end=\"2997\"><strong data-start=\"2934\" data-end=\"2967\">3 Sekunden Starttaste dr\u00fccken<\/strong>, um das Ger\u00e4t zu aktivieren<\/li><li data-section-id=\"1rxp5hl\" data-start=\"2998\" data-end=\"3067\"><strong data-start=\"3000\" data-end=\"3033\">3 Sekunden Stopptaste dr\u00fccken<\/strong>, um die Aufzeichnung zu beenden<\/li><li data-section-id=\"13oey3f\" data-start=\"3068\" data-end=\"3142\"><strong data-start=\"3070\" data-end=\"3104\">Einmal kurz Starttaste dr\u00fccken<\/strong>, um die aktuelle Messung anzuzeigen<\/li><\/ul>\t\t\t\t\t\t\t\t<\/div>\n\t\t\t\t<\/div>\n\t\t\t\t\t<\/div>\n\t\t<\/div>\n\t\t\t\t\t<\/div>\n\t\t<\/section>\n\t\t\t\t<\/div>\n\t\t","protected":false},"excerpt":{"rendered":"<p data-start=\"100\" data-end=\"277\"><strong data-start=\"100\" data-end=\"155\">Bestellen Sie den Temp8B Datenlogger bei Immersafe.<\/strong> Messen Sie Temperatur und Luftfeuchtigkeit bis zu 210 Tage lang. Mit IP54-Schutz und automatischer PDF-Berichterstellung.<\/p>\n<h4>Unsere Berater helfen Ihnen gerne weiter!<\/h4>\n<style id=\"wpforms-css-vars-5234\">\n\t\t\t\t#wpforms-5234 {\n\t\t\t\t--wpforms-container-padding: 0px;\n--wpforms-container-border-width: 1px;\n--wpforms-container-border-radius: 3px;\n--wpforms-background-color: rgba(0, 0, 0, 0);\n--wpforms-field-size-input-height: 43px;\n--wpforms-field-size-input-spacing: 15px;\n--wpforms-field-size-font-size: 16px;\n--wpforms-field-size-line-height: 19px;\n--wpforms-field-size-padding-h: 14px;\n--wpforms-field-size-checkbox-size: 16px;\n--wpforms-field-size-sublabel-spacing: 5px;\n--wpforms-field-size-icon-size: 1;\n--wpforms-label-size-font-size: 16px;\n--wpforms-label-size-line-height: 19px;\n--wpforms-label-size-sublabel-font-size: 14px;\n--wpforms-label-size-sublabel-line-height: 17px;\n--wpforms-button-size-font-size: 17px;\n--wpforms-button-size-height: 41px;\n--wpforms-button-size-padding-h: 15px;\n--wpforms-button-size-margin-top: 10px;\n--wpforms-container-shadow-size-box-shadow: none;\n\t\t\t}\n\t\t\t<\/style><div class=\"wpforms-container wpforms-container-full wpforms-render-modern\" id=\"wpforms-5234\"><form id=\"wpforms-form-5234\" class=\"wpforms-validate wpforms-form wpforms-ajax-form\" data-formid=\"5234\" method=\"post\" enctype=\"multipart\/form-data\" action=\"\/shop\/wp-json\/wp\/v2\/product\/8182\" data-token=\"6dda5324e9af530c3d374163985eaebd\" data-token-time=\"1777996331\"><noscript class=\"wpforms-error-noscript\">Bitte aktiviere JavaScript in deinem Browser, um dieses Formular fertigzustellen.<\/noscript><div id=\"wpforms-error-noscript\" style=\"display: none;\">Bitte aktiviere JavaScript in deinem Browser, um dieses Formular fertigzustellen.<\/div><div class=\"wpforms-field-container\"><div id=\"wpforms-5234-field_1-container\" class=\"wpforms-field wpforms-field-name\" data-field-id=\"1\"><label class=\"wpforms-field-label\" for=\"wpforms-5234-field_1\">Name <span class=\"wpforms-required-label\" aria-hidden=\"true\">*<\/span><\/label><input type=\"text\" id=\"wpforms-5234-field_1\" class=\"wpforms-field-large wpforms-field-required\" name=\"wpforms[fields][1]\" aria-errormessage=\"wpforms-5234-field_1-error\" required><\/div><div id=\"wpforms-5234-field_2-container\" class=\"wpforms-field wpforms-field-email\" data-field-id=\"2\"><label class=\"wpforms-field-label\" for=\"wpforms-5234-field_2\">E-Mail-Adresse <span class=\"wpforms-required-label\" aria-hidden=\"true\">*<\/span><\/label><input type=\"email\" id=\"wpforms-5234-field_2\" class=\"wpforms-field-large wpforms-field-required\" name=\"wpforms[fields][2]\" spellcheck=\"false\" aria-errormessage=\"wpforms-5234-field_2-error\" required><\/div>\t\t<div id=\"wpforms-5234-field_5-container\"\n\t\t\tclass=\"wpforms-field wpforms-field-text\"\n\t\t\tdata-field-type=\"text\"\n\t\t\tdata-field-id=\"5\"\n\t\t\t>\n\t\t\t<label class=\"wpforms-field-label\" for=\"wpforms-5234-field_5\" >Telefonnummer Nachricht Kommentar<\/label>\n\t\t\t<input type=\"text\" id=\"wpforms-5234-field_5\" class=\"wpforms-field-medium\" name=\"wpforms[fields][5]\" >\n\t\t<\/div>\n\t\t<div id=\"wpforms-5234-field_4-container\" class=\"wpforms-field wpforms-field-number\" data-field-id=\"4\"><label class=\"wpforms-field-label\" for=\"wpforms-5234-field_4\">Telefonnummer <span class=\"wpforms-required-label\" aria-hidden=\"true\">*<\/span><\/label><input type=\"number\" id=\"wpforms-5234-field_4\" class=\"wpforms-field-large wpforms-field-required\" name=\"wpforms[fields][4]\" step=\"any\" aria-errormessage=\"wpforms-5234-field_4-error\" required><\/div><div id=\"wpforms-5234-field_3-container\" class=\"wpforms-field wpforms-field-textarea\" data-field-id=\"3\"><label class=\"wpforms-field-label\" for=\"wpforms-5234-field_3\">Nachricht oder Kommentar<\/label><textarea id=\"wpforms-5234-field_3\" class=\"wpforms-field-large\" name=\"wpforms[fields][3]\" aria-errormessage=\"wpforms-5234-field_3-error\" ><\/textarea><\/div><script>\n\t\t\t\t( function() {\n\t\t\t\t\tconst style = document.createElement( 'style' );\n\t\t\t\t\tstyle.appendChild( document.createTextNode( '#wpforms-5234-field_5-container { position: absolute !important; overflow: hidden !important; display: inline !important; height: 1px !important; width: 1px !important; z-index: -1000 !important; padding: 0 !important; } #wpforms-5234-field_5-container input { visibility: hidden; } #wpforms-conversational-form-page #wpforms-5234-field_5-container label { counter-increment: none; }' ) );\n\t\t\t\t\tdocument.head.appendChild( style );\n\t\t\t\t\tdocument.currentScript?.remove();\n\t\t\t\t} )();\n\t\t\t<\/script><\/div><!-- .wpforms-field-container --><div class=\"wpforms-submit-container\" ><input type=\"hidden\" name=\"wpforms[id]\" value=\"5234\"><input type=\"hidden\" name=\"page_title\" value=\"\"><input type=\"hidden\" name=\"page_url\" value=\"https:\/\/immersafe.de\/shop\/wp-json\/wp\/v2\/product\/8182\"><input type=\"hidden\" name=\"url_referer\" value=\"\"><button type=\"submit\" name=\"wpforms[submit]\" id=\"wpforms-submit-5234\" class=\"wpforms-submit\" data-alt-text=\"Senden...\" data-submit-text=\"Anfrage senden\" aria-live=\"assertive\" value=\"wpforms-submit\">Anfrage senden<\/button><img decoding=\"async\" src=\"https:\/\/immersafe.de\/shop\/wp-content\/plugins\/wpforms-lite\/assets\/images\/submit-spin.svg\" class=\"wpforms-submit-spinner\" style=\"display: none;\" width=\"26\" height=\"26\" alt=\"Wird geladen\"><\/div><\/form><\/div>  <!-- .wpforms-container -->\n","protected":false},"featured_media":8186,"template":"","meta":{"_acf_changed":false,"postBodyCss":"","postBodyMargin":[],"postBodyPadding":[],"postBodyBackground":{"backgroundType":"classic","gradient":""}},"product_brand":[],"product_cat":[259,238,176],"product_tag":[],"class_list":{"0":"post-8182","1":"product","2":"type-product","3":"status-publish","4":"has-post-thumbnail","6":"product_cat-indikatoren","7":"product_cat-spezialprodukte","8":"product_cat-temperatur-datenlogger","10":"first","11":"onbackorder","12":"taxable","13":"shipping-taxable","14":"product-type-simple"},"acf":[],"tiered_pricing_type":"fixed","tiered_pricing_fixed_rules":[],"tiered_pricing_product_settings":{"layout":"default","base_unit_name":{"singular":null,"plural":null},"default_variation":null},"tiered_pricing_minimum_quantity":null,"tiered_pricing_roles_data":[],"tiered_pricing_percentage_rules":[],"_links":{"self":[{"href":"https:\/\/immersafe.de\/shop\/wp-json\/wp\/v2\/product\/8182","targetHints":{"allow":["GET"]}}],"collection":[{"href":"https:\/\/immersafe.de\/shop\/wp-json\/wp\/v2\/product"}],"about":[{"href":"https:\/\/immersafe.de\/shop\/wp-json\/wp\/v2\/types\/product"}],"version-history":[{"count":6,"href":"https:\/\/immersafe.de\/shop\/wp-json\/wp\/v2\/product\/8182\/revisions"}],"predecessor-version":[{"id":8214,"href":"https:\/\/immersafe.de\/shop\/wp-json\/wp\/v2\/product\/8182\/revisions\/8214"}],"wp:featuredmedia":[{"embeddable":true,"href":"https:\/\/immersafe.de\/shop\/wp-json\/wp\/v2\/media\/8186"}],"wp:attachment":[{"href":"https:\/\/immersafe.de\/shop\/wp-json\/wp\/v2\/media?parent=8182"}],"wp:term":[{"taxonomy":"product_brand","embeddable":true,"href":"https:\/\/immersafe.de\/shop\/wp-json\/wp\/v2\/product_brand?post=8182"},{"taxonomy":"product_cat","embeddable":true,"href":"https:\/\/immersafe.de\/shop\/wp-json\/wp\/v2\/product_cat?post=8182"},{"taxonomy":"product_tag","embeddable":true,"href":"https:\/\/immersafe.de\/shop\/wp-json\/wp\/v2\/product_tag?post=8182"}],"curies":[{"name":"wp","href":"https:\/\/api.w.org\/{rel}","templated":true}]}}