{"id":865,"date":"2020-09-15T16:43:07","date_gmt":"2020-09-15T16:43:07","guid":{"rendered":"https:\/\/shop.immersafe.de\/?post_type=product&#038;p=865"},"modified":"2026-02-25T10:02:53","modified_gmt":"2026-02-25T10:02:53","slug":"kabelplombe-o-50-x-250-mm-hochsicherheits-kabelplombe","status":"publish","type":"product","link":"https:\/\/immersafe.de\/shop\/kabelplombe-o-50-x-250-mm-hochsicherheits-kabelplombe\/","title":{"rendered":"Kabelplombe \u00d8 5,0 \u00d7 250 mm \u2013 Hochsicherheits-Kabelplombe"},"content":{"rendered":"\t\t<div data-elementor-type=\"wp-post\" data-elementor-id=\"865\" class=\"elementor elementor-865\">\n\t\t\t\t\t\t<section class=\"elementor-section elementor-top-section elementor-element elementor-element-17bb820 elementor-section-boxed elementor-section-height-default elementor-section-height-default\" data-id=\"17bb820\" data-element_type=\"section\" data-e-type=\"section\">\n\t\t\t\t\t\t<div class=\"elementor-container elementor-column-gap-default\">\n\t\t\t\t\t<div class=\"aux-parallax-section elementor-column elementor-col-100 elementor-top-column elementor-element elementor-element-df58370\" data-id=\"df58370\" data-element_type=\"column\" data-e-type=\"column\">\n\t\t\t<div class=\"elementor-widget-wrap elementor-element-populated\">\n\t\t\t\t\t\t<div class=\"elementor-element elementor-element-99baf4a elementor-widget elementor-widget-heading\" data-id=\"99baf4a\" data-element_type=\"widget\" data-e-type=\"widget\" data-widget_type=\"heading.default\">\n\t\t\t\t<div class=\"elementor-widget-container\">\n\t\t\t\t\t<h2 class=\"elementor-heading-title elementor-size-default\">ISO Cable 5,0x250 \u2013 Hochsicherheits-Kabelplombe f\u00fcr maximale Sicherheit<\/h2>\t\t\t\t<\/div>\n\t\t\t\t<\/div>\n\t\t\t\t<div class=\"elementor-element elementor-element-d8a9e33 elementor-widget elementor-widget-text-editor\" data-id=\"d8a9e33\" data-element_type=\"widget\" data-e-type=\"widget\" data-widget_type=\"text-editor.default\">\n\t\t\t\t<div class=\"elementor-widget-container\">\n\t\t\t\t\t\t\t\t\t<p>Die <strong>ISO Cable 5,0&#215;250<\/strong> ist eine besonders robuste <strong>Kabelplombe mit 5,0 mm Stahlseil<\/strong> f\u00fcr h\u00f6chste Sicherheitsanforderungen. Sie ist <strong>ISO 17712:2013-zertifiziert<\/strong> und wurde f\u00fcr internationale Containertransporte, Zollversiegelungen sowie industrielle Anwendungen entwickelt, bei denen maximale Manipulationssicherheit erforderlich ist.<\/p><p>Das versiegelte Aluminiumgeh\u00e4use mit lasergravierten Seriennummern bietet eine eindeutige R\u00fcckverfolgbarkeit. Nach der Versiegelung l\u00e4sst sich die Plombe nur durch Zerschneiden des Kabels entfernen \u2013 ein hohes Ma\u00df an Sicherheit gegen Manipulation.<\/p>\t\t\t\t\t\t\t\t<\/div>\n\t\t\t\t<\/div>\n\t\t\t\t<div class=\"elementor-element elementor-element-c729650 elementor-widget-divider--view-line elementor-widget elementor-widget-divider\" data-id=\"c729650\" data-element_type=\"widget\" data-e-type=\"widget\" data-widget_type=\"divider.default\">\n\t\t\t\t<div class=\"elementor-widget-container\">\n\t\t\t\t\t\t\t<div class=\"elementor-divider\">\n\t\t\t<span class=\"elementor-divider-separator\">\n\t\t\t\t\t\t<\/span>\n\t\t<\/div>\n\t\t\t\t\t\t<\/div>\n\t\t\t\t<\/div>\n\t\t\t\t<section class=\"elementor-section elementor-inner-section elementor-element elementor-element-729304d elementor-section-boxed elementor-section-height-default elementor-section-height-default\" data-id=\"729304d\" data-element_type=\"section\" data-e-type=\"section\">\n\t\t\t\t\t\t<div class=\"elementor-container elementor-column-gap-default\">\n\t\t\t\t\t<div class=\"aux-parallax-section elementor-column elementor-col-50 elementor-inner-column elementor-element elementor-element-15e6814\" data-id=\"15e6814\" data-element_type=\"column\" data-e-type=\"column\">\n\t\t\t<div class=\"elementor-widget-wrap elementor-element-populated\">\n\t\t\t\t\t\t<div class=\"elementor-element elementor-element-6077980 elementor-widget elementor-widget-text-editor\" data-id=\"6077980\" data-element_type=\"widget\" data-e-type=\"widget\" data-widget_type=\"text-editor.default\">\n\t\t\t\t<div class=\"elementor-widget-container\">\n\t\t\t\t\t\t\t\t\t<p><strong>Technische Daten<\/strong><\/p>\t\t\t\t\t\t\t\t<\/div>\n\t\t\t\t<\/div>\n\t\t\t\t<div class=\"elementor-element elementor-element-c27c636 elementor-widget elementor-widget-aux_icon_list\" data-id=\"c27c636\" data-element_type=\"widget\" data-e-type=\"widget\" data-widget_type=\"aux_icon_list.default\">\n\t\t\t\t<div class=\"elementor-widget-container\">\n\t\t\t\t\t<section class=\"widget-container aux-widget-icon-list aux-parent-auc4ed3a68\"><div class=\"widget-inner\"><div class=\"aux-widget-icon-list-inner\"><ul class=\"aux-icon-list-items aux-direction-default\"><li class=\"aux-icon-list-item aux-list-item-has-connector aux-list-item-has-icon aux-icon-list-item-7026593 elementor-repeater-item-7026593\"><span class=\"aux-icon-list-text\">Gesamtl\u00e4nge<\/span><span class=\"aux-list-connector\"><\/span><\/li><li class=\"aux-icon-list-item aux-list-item-has-connector aux-list-item-has-icon aux-icon-list-item-1342462 elementor-repeater-item-1342462\"><span class=\"aux-icon-list-text\">Nutzl\u00e4nge<\/span><span class=\"aux-list-connector\"><\/span><span class=\"aux-icon-list-text2\">250 mm<\/span><\/li><li class=\"aux-icon-list-item aux-list-item-has-connector aux-list-item-has-icon aux-icon-list-item-655ae40 elementor-repeater-item-655ae40\"><span class=\"aux-icon-list-text\">Kabeldurchmesser<\/span><span class=\"aux-list-connector\"><\/span><span class=\"aux-icon-list-text2\">5,0 mm<\/span><\/li><li class=\"aux-icon-list-item aux-list-item-has-connector aux-list-item-has-icon aux-icon-list-item-aa27bbb elementor-repeater-item-aa27bbb\"><span class=\"aux-icon-list-text\">Etikettengr\u00f6\u00dfe<\/span><span class=\"aux-list-connector\"><\/span><\/li><li class=\"aux-icon-list-item aux-list-item-has-connector aux-list-item-has-icon aux-icon-list-item-75202f7 elementor-repeater-item-75202f7\"><span class=\"aux-icon-list-text\">Zugfestigkeit<\/span><span class=\"aux-list-connector\"><\/span><span class=\"aux-icon-list-text2\">&gt; 1.500 kg<\/span><\/li><li class=\"aux-icon-list-item aux-list-item-has-connector aux-list-item-has-icon aux-icon-list-item-fbf3774 elementor-repeater-item-fbf3774\"><span class=\"aux-icon-list-text\">Betriebstemperatur<\/span><span class=\"aux-list-connector\"><\/span><\/li><li class=\"aux-icon-list-item aux-list-item-has-connector aux-list-item-has-icon aux-icon-list-item-2aba939 elementor-repeater-item-2aba939\"><span class=\"aux-icon-list-text\">Material<\/span><span class=\"aux-list-connector\"><\/span><span class=\"aux-icon-list-text2\">Aluminium mit Stahlseil<\/span><\/li><li class=\"aux-icon-list-item aux-list-item-has-connector aux-list-item-has-icon aux-icon-list-item-8505f4e elementor-repeater-item-8505f4e\"><span class=\"aux-icon-list-text\">Verpackung<\/span><span class=\"aux-list-connector\"><\/span><\/li><li class=\"aux-icon-list-item aux-list-item-has-connector aux-list-item-has-icon aux-icon-list-item-8d27cf1 elementor-repeater-item-8d27cf1\"><span class=\"aux-icon-list-text\">Kartonma\u00dfe<\/span><span class=\"aux-list-connector\"><\/span><\/li><li class=\"aux-icon-list-item aux-list-item-has-connector aux-list-item-has-icon aux-icon-list-item-803e1c5 elementor-repeater-item-803e1c5\"><span class=\"aux-icon-list-text\">Kartongewicht<\/span><span class=\"aux-list-connector\"><\/span><\/li><\/ul><\/div><\/div><\/section><!-- widget-container -->\t\t\t\t<\/div>\n\t\t\t\t<\/div>\n\t\t\t\t<div class=\"elementor-element elementor-element-b03c802 elementor-widget elementor-widget-text-editor\" data-id=\"b03c802\" data-element_type=\"widget\" data-e-type=\"widget\" data-widget_type=\"text-editor.default\">\n\t\t\t\t<div class=\"elementor-widget-container\">\n\t\t\t\t\t\t\t\t\t<p><img fetchpriority=\"high\" decoding=\"async\" class=\"alignnone size-medium wp-image-4270\" src=\"https:\/\/immersafe.de\/shop\/wp-content\/uploads\/2020\/09\/alu2-300x300.png\" alt=\"\" width=\"300\" height=\"300\" srcset=\"https:\/\/immersafe.de\/shop\/wp-content\/uploads\/2020\/09\/alu2-300x300.png 300w, https:\/\/immersafe.de\/shop\/wp-content\/uploads\/2020\/09\/alu2-150x150.png 150w, https:\/\/immersafe.de\/shop\/wp-content\/uploads\/2020\/09\/alu2-100x100.png 100w\" sizes=\"(max-width: 300px) 100vw, 300px\" \/> \u00a0<img decoding=\"async\" class=\"alignnone size-medium wp-image-4271\" src=\"https:\/\/immersafe.de\/shop\/wp-content\/uploads\/2020\/09\/alu1-300x300.png\" alt=\"\" width=\"300\" height=\"300\" srcset=\"https:\/\/immersafe.de\/shop\/wp-content\/uploads\/2020\/09\/alu1-300x300.png 300w, https:\/\/immersafe.de\/shop\/wp-content\/uploads\/2020\/09\/alu1-150x150.png 150w, https:\/\/immersafe.de\/shop\/wp-content\/uploads\/2020\/09\/alu1-100x100.png 100w\" sizes=\"(max-width: 300px) 100vw, 300px\" \/><\/p>\t\t\t\t\t\t\t\t<\/div>\n\t\t\t\t<\/div>\n\t\t\t\t<div class=\"elementor-element elementor-element-1d27433 elementor-widget elementor-widget-text-editor\" data-id=\"1d27433\" data-element_type=\"widget\" data-e-type=\"widget\" data-widget_type=\"text-editor.default\">\n\t\t\t\t<div class=\"elementor-widget-container\">\n\t\t\t\t\t\t\t\t\t<h4>Mit der <strong>ISO Cable 5,0&#215;250<\/strong> setzen Sie auf h\u00f6chste Qualit\u00e4t und normgerechte Sicherheit bei der Versiegelung Ihrer Transportbeh\u00e4lter und Anlagen.<\/h4>\t\t\t\t\t\t\t\t<\/div>\n\t\t\t\t<\/div>\n\t\t\t\t\t<\/div>\n\t\t<\/div>\n\t\t\t\t<div class=\"aux-parallax-section elementor-column elementor-col-50 elementor-inner-column elementor-element elementor-element-8613e1b\" data-id=\"8613e1b\" data-element_type=\"column\" data-e-type=\"column\">\n\t\t\t<div class=\"elementor-widget-wrap elementor-element-populated\">\n\t\t\t\t\t\t<div class=\"elementor-element elementor-element-ccb5b2a elementor-widget elementor-widget-text-editor\" data-id=\"ccb5b2a\" data-element_type=\"widget\" data-e-type=\"widget\" data-widget_type=\"text-editor.default\">\n\t\t\t\t<div class=\"elementor-widget-container\">\n\t\t\t\t\t\t\t\t\t<p><strong>Produktmerkmale<\/strong><\/p>\t\t\t\t\t\t\t\t<\/div>\n\t\t\t\t<\/div>\n\t\t\t\t<div class=\"elementor-element elementor-element-515a123 elementor-widget elementor-widget-text-editor\" data-id=\"515a123\" data-element_type=\"widget\" data-e-type=\"widget\" data-widget_type=\"text-editor.default\">\n\t\t\t\t<div class=\"elementor-widget-container\">\n\t\t\t\t\t\t\t\t\t<ul><li>Hochsicherheitsplombe nach ISO 17712:2013<\/li><li>Robustes Aluminiumgeh\u00e4use<\/li><li>Einwegverschluss \u2013 nicht r\u00fcckziehbar<\/li><li>Lasergravierte Seriennummer (optional: Barcode oder Logo)<\/li><li>Farbe: Rot (weitere Farben auf Anfrage)<\/li><li>\u00a0<\/li><\/ul>\t\t\t\t\t\t\t\t<\/div>\n\t\t\t\t<\/div>\n\t\t\t\t<div class=\"elementor-element elementor-element-00594b3 elementor-widget-divider--view-line elementor-widget elementor-widget-divider\" data-id=\"00594b3\" data-element_type=\"widget\" data-e-type=\"widget\" data-widget_type=\"divider.default\">\n\t\t\t\t<div class=\"elementor-widget-container\">\n\t\t\t\t\t\t\t<div class=\"elementor-divider\">\n\t\t\t<span class=\"elementor-divider-separator\">\n\t\t\t\t\t\t<\/span>\n\t\t<\/div>\n\t\t\t\t\t\t<\/div>\n\t\t\t\t<\/div>\n\t\t\t\t<div class=\"elementor-element elementor-element-055b3aa elementor-widget elementor-widget-text-editor\" data-id=\"055b3aa\" data-element_type=\"widget\" data-e-type=\"widget\" data-widget_type=\"text-editor.default\">\n\t\t\t\t<div class=\"elementor-widget-container\">\n\t\t\t\t\t\t\t\t\t<p><strong>Anwendungsbereiche<\/strong><\/p>\t\t\t\t\t\t\t\t<\/div>\n\t\t\t\t<\/div>\n\t\t\t\t<div class=\"elementor-element elementor-element-62ddfec elementor-widget elementor-widget-text-editor\" data-id=\"62ddfec\" data-element_type=\"widget\" data-e-type=\"widget\" data-widget_type=\"text-editor.default\">\n\t\t\t\t<div class=\"elementor-widget-container\">\n\t\t\t\t\t\t\t\t\t<ul><li>Containertransporte (Seefracht, Luftfracht)<\/li><li>Lager- und Logistikzentren<\/li><li>Zoll- &amp; Exportversiegelungen<\/li><li>Bahn- und Ferntransporte<\/li><li>Sicherung von Hochwertg\u00fctern<\/li><\/ul>\t\t\t\t\t\t\t\t<\/div>\n\t\t\t\t<\/div>\n\t\t\t\t\t<\/div>\n\t\t<\/div>\n\t\t\t\t\t<\/div>\n\t\t<\/section>\n\t\t\t\t\t<\/div>\n\t\t<\/div>\n\t\t\t\t\t<\/div>\n\t\t<\/section>\n\t\t\t\t<\/div>\n\t\t","protected":false},"excerpt":{"rendered":"<p>Robuste ISO 17712-Kabelplombe mit 5 mm Seil f\u00fcr Container &amp; Transport. Ideal f\u00fcr Zoll &amp; Logistik.<\/p>\n","protected":false},"featured_media":5987,"template":"","meta":{"_acf_changed":false},"product_brand":[256],"product_cat":[113,106,36,117,59,35,114,115,33,112,19,116],"product_tag":[],"class_list":{"0":"post-865","1":"product","2":"type-product","3":"status-publish","4":"has-post-thumbnail","6":"product_brand-immersafe","7":"product_cat-c-tpat","8":"product_cat-container","9":"product_cat-containerplomben","10":"product_cat-eisenbahn","11":"product_cat-high-security-plomben","12":"product_cat-kabelplomben","13":"product_cat-lkw-anhanger","14":"product_cat-luftfracht","15":"product_cat-sicherheitsplomben","16":"product_cat-sicherheitsplomben-mit-iso-177122013","17":"product_cat-verschlusse-fur-behalter-und-fasser","18":"product_cat-zugwaggon","20":"first","21":"instock","22":"taxable","23":"shipping-taxable","24":"purchasable","25":"product-type-simple"},"acf":[],"tiered_pricing_type":"fixed","tiered_pricing_fixed_rules":[],"tiered_pricing_product_settings":{"layout":"default","base_unit_name":{"singular":null,"plural":null},"default_variation":null},"tiered_pricing_minimum_quantity":null,"tiered_pricing_roles_data":[],"tiered_pricing_percentage_rules":[],"_links":{"self":[{"href":"https:\/\/immersafe.de\/shop\/wp-json\/wp\/v2\/product\/865","targetHints":{"allow":["GET"]}}],"collection":[{"href":"https:\/\/immersafe.de\/shop\/wp-json\/wp\/v2\/product"}],"about":[{"href":"https:\/\/immersafe.de\/shop\/wp-json\/wp\/v2\/types\/product"}],"version-history":[{"count":12,"href":"https:\/\/immersafe.de\/shop\/wp-json\/wp\/v2\/product\/865\/revisions"}],"predecessor-version":[{"id":7166,"href":"https:\/\/immersafe.de\/shop\/wp-json\/wp\/v2\/product\/865\/revisions\/7166"}],"wp:featuredmedia":[{"embeddable":true,"href":"https:\/\/immersafe.de\/shop\/wp-json\/wp\/v2\/media\/5987"}],"wp:attachment":[{"href":"https:\/\/immersafe.de\/shop\/wp-json\/wp\/v2\/media?parent=865"}],"wp:term":[{"taxonomy":"product_brand","embeddable":true,"href":"https:\/\/immersafe.de\/shop\/wp-json\/wp\/v2\/product_brand?post=865"},{"taxonomy":"product_cat","embeddable":true,"href":"https:\/\/immersafe.de\/shop\/wp-json\/wp\/v2\/product_cat?post=865"},{"taxonomy":"product_tag","embeddable":true,"href":"https:\/\/immersafe.de\/shop\/wp-json\/wp\/v2\/product_tag?post=865"}],"curies":[{"name":"wp","href":"https:\/\/api.w.org\/{rel}","templated":true}]}}