{"id":94,"date":"2018-11-27T10:03:47","date_gmt":"2018-11-27T10:03:47","guid":{"rendered":"http:\/\/demo.accesspressthemes.com\/store-mart-lite\/?post_type=product&#038;p=94"},"modified":"2026-01-23T16:43:32","modified_gmt":"2026-01-23T16:43:32","slug":"i-seal","status":"publish","type":"product","link":"https:\/\/immersafe.de\/shop\/i-seal\/","title":{"rendered":"I-seal"},"content":{"rendered":"\t\t<div data-elementor-type=\"wp-post\" data-elementor-id=\"94\" class=\"elementor elementor-94\">\n\t\t\t\t\t\t<section class=\"elementor-section elementor-top-section elementor-element elementor-element-ccb15f4 elementor-section-boxed elementor-section-height-default elementor-section-height-default\" data-id=\"ccb15f4\" data-element_type=\"section\" data-e-type=\"section\">\n\t\t\t\t\t\t<div class=\"elementor-container elementor-column-gap-default\">\n\t\t\t\t\t<div class=\"aux-parallax-section elementor-column elementor-col-100 elementor-top-column elementor-element elementor-element-59a3768\" data-id=\"59a3768\" data-element_type=\"column\" data-e-type=\"column\">\n\t\t\t<div class=\"elementor-widget-wrap elementor-element-populated\">\n\t\t\t\t\t\t<div class=\"elementor-element elementor-element-6af893f elementor-widget elementor-widget-heading\" data-id=\"6af893f\" data-element_type=\"widget\" data-e-type=\"widget\" data-widget_type=\"heading.default\">\n\t\t\t\t<div class=\"elementor-widget-container\">\n\t\t\t\t\t<h2 class=\"elementor-heading-title elementor-size-default\">I-Seal Sicherheitsplombe \u2013 die universelle L\u00f6sung, die gef\u00e4hrliches Blei ersetzt.<\/h2>\t\t\t\t<\/div>\n\t\t\t\t<\/div>\n\t\t\t\t<div class=\"elementor-element elementor-element-da8595d elementor-widget elementor-widget-text-editor\" data-id=\"da8595d\" data-element_type=\"widget\" data-e-type=\"widget\" data-widget_type=\"text-editor.default\">\n\t\t\t\t<div class=\"elementor-widget-container\">\n\t\t\t\t\t\t\t\t\t<p>Als umweltfreundliche Alternative zu Bleiplomben zeichnen sie sich durch ihre Unbedenklichkeit f\u00fcr den menschlichen Organismus aus und gew\u00e4hrleisten gleichzeitig ein angemessenes Sicherheitsniveau.<\/p><p>Hergestellt aus\u00a0<strong>widerstandsf\u00e4higem ABS-Kunststoff<\/strong>, bietet sie\u00a0<strong>optimalen Schutz vor Manipulation<\/strong>. Das\u00a0<strong>Verschlie\u00dfen erfolgt mithilfe einer Plombenzange<\/strong>, w\u00e4hrend die\u00a0<strong>spezielle plombierte Drahtschnur<\/strong>\u00a0auf Spulen in definierten L\u00e4ngen geliefert wird.<\/p>\t\t\t\t\t\t\t\t<\/div>\n\t\t\t\t<\/div>\n\t\t\t\t<div class=\"elementor-element elementor-element-a800bc3 elementor-widget-divider--view-line elementor-widget elementor-widget-divider\" data-id=\"a800bc3\" data-element_type=\"widget\" data-e-type=\"widget\" data-widget_type=\"divider.default\">\n\t\t\t\t<div class=\"elementor-widget-container\">\n\t\t\t\t\t\t\t<div class=\"elementor-divider\">\n\t\t\t<span class=\"elementor-divider-separator\">\n\t\t\t\t\t\t<\/span>\n\t\t<\/div>\n\t\t\t\t\t\t<\/div>\n\t\t\t\t<\/div>\n\t\t\t\t<section class=\"elementor-section elementor-inner-section elementor-element elementor-element-0f9e6ef elementor-section-boxed elementor-section-height-default elementor-section-height-default\" data-id=\"0f9e6ef\" data-element_type=\"section\" data-e-type=\"section\">\n\t\t\t\t\t\t<div class=\"elementor-container elementor-column-gap-default\">\n\t\t\t\t\t<div class=\"aux-parallax-section elementor-column elementor-col-50 elementor-inner-column elementor-element elementor-element-34fe512\" data-id=\"34fe512\" data-element_type=\"column\" data-e-type=\"column\">\n\t\t\t<div class=\"elementor-widget-wrap elementor-element-populated\">\n\t\t\t\t\t\t<div class=\"elementor-element elementor-element-0a76de6 elementor-widget elementor-widget-text-editor\" data-id=\"0a76de6\" data-element_type=\"widget\" data-e-type=\"widget\" data-widget_type=\"text-editor.default\">\n\t\t\t\t<div class=\"elementor-widget-container\">\n\t\t\t\t\t\t\t\t\t<p><strong>Technische Daten<\/strong><\/p>\t\t\t\t\t\t\t\t<\/div>\n\t\t\t\t<\/div>\n\t\t\t\t<div class=\"elementor-element elementor-element-5e79184 elementor-widget elementor-widget-text-editor\" data-id=\"5e79184\" data-element_type=\"widget\" data-e-type=\"widget\" data-widget_type=\"text-editor.default\">\n\t\t\t\t<div class=\"elementor-widget-container\">\n\t\t\t\t\t\t\t\t\t<ul><li><strong>Durchmesser:<\/strong> 10 mm<\/li><li><strong>Dicke:<\/strong>\u00a04,5 mm<\/li><li><strong>Material:<\/strong>\u00a0ABS-Kunststoff<\/li><\/ul>\t\t\t\t\t\t\t\t<\/div>\n\t\t\t\t<\/div>\n\t\t\t\t<div class=\"elementor-element elementor-element-33d82cf elementor-widget-divider--view-line elementor-widget elementor-widget-divider\" data-id=\"33d82cf\" data-element_type=\"widget\" data-e-type=\"widget\" data-widget_type=\"divider.default\">\n\t\t\t\t<div class=\"elementor-widget-container\">\n\t\t\t\t\t\t\t<div class=\"elementor-divider\">\n\t\t\t<span class=\"elementor-divider-separator\">\n\t\t\t\t\t\t<\/span>\n\t\t<\/div>\n\t\t\t\t\t\t<\/div>\n\t\t\t\t<\/div>\n\t\t\t\t<div class=\"elementor-element elementor-element-63cc1ee elementor-widget elementor-widget-text-editor\" data-id=\"63cc1ee\" data-element_type=\"widget\" data-e-type=\"widget\" data-widget_type=\"text-editor.default\">\n\t\t\t\t<div class=\"elementor-widget-container\">\n\t\t\t\t\t\t\t\t\t<p><strong>Verpackung<\/strong><\/p>\t\t\t\t\t\t\t\t<\/div>\n\t\t\t\t<\/div>\n\t\t\t\t<div class=\"elementor-element elementor-element-496e85a elementor-widget elementor-widget-text-editor\" data-id=\"496e85a\" data-element_type=\"widget\" data-e-type=\"widget\" data-widget_type=\"text-editor.default\">\n\t\t\t\t<div class=\"elementor-widget-container\">\n\t\t\t\t\t\t\t\t\t<ul><li><strong>5.000 St\u00fcck pro Beutel<\/strong><\/li><li><strong>20.000 St\u00fcck pro Karton<\/strong><\/li><li><strong>Kartongewicht:<\/strong>\u00a07,5 kg<\/li><li><strong>Kartonma\u00dfe:<\/strong> 220 \u00d7 220 \u00d7 335 cm<\/li><\/ul>\t\t\t\t\t\t\t\t<\/div>\n\t\t\t\t<\/div>\n\t\t\t\t\t<\/div>\n\t\t<\/div>\n\t\t\t\t<div class=\"aux-parallax-section elementor-column elementor-col-50 elementor-inner-column elementor-element elementor-element-f3d286e\" data-id=\"f3d286e\" data-element_type=\"column\" data-e-type=\"column\">\n\t\t\t<div class=\"elementor-widget-wrap elementor-element-populated\">\n\t\t\t\t\t\t<div class=\"elementor-element elementor-element-c15df77 elementor-widget elementor-widget-text-editor\" data-id=\"c15df77\" data-element_type=\"widget\" data-e-type=\"widget\" data-widget_type=\"text-editor.default\">\n\t\t\t\t<div class=\"elementor-widget-container\">\n\t\t\t\t\t\t\t\t\t<p><strong>Anwendungen<\/strong><\/p>\t\t\t\t\t\t\t\t<\/div>\n\t\t\t\t<\/div>\n\t\t\t\t<div class=\"elementor-element elementor-element-e97efbb elementor-widget elementor-widget-text-editor\" data-id=\"e97efbb\" data-element_type=\"widget\" data-e-type=\"widget\" data-widget_type=\"text-editor.default\">\n\t\t\t\t<div class=\"elementor-widget-container\">\n\t\t\t\t\t\t\t\t\t<ul><li><strong>Stra\u00dfen- und Schienentransport<\/strong><\/li><li><strong>Tankwagen<\/strong><\/li><li><strong>Transportk\u00f6rbe und -kisten<\/strong><\/li><li><strong>Lagerh\u00e4user<\/strong><\/li><li><strong>Messsysteme<\/strong>.<\/li><\/ul>\t\t\t\t\t\t\t\t<\/div>\n\t\t\t\t<\/div>\n\t\t\t\t<div class=\"elementor-element elementor-element-fe5845a elementor-widget-divider--view-line elementor-widget elementor-widget-divider\" data-id=\"fe5845a\" data-element_type=\"widget\" data-e-type=\"widget\" data-widget_type=\"divider.default\">\n\t\t\t\t<div class=\"elementor-widget-container\">\n\t\t\t\t\t\t\t<div class=\"elementor-divider\">\n\t\t\t<span class=\"elementor-divider-separator\">\n\t\t\t\t\t\t<\/span>\n\t\t<\/div>\n\t\t\t\t\t\t<\/div>\n\t\t\t\t<\/div>\n\t\t\t\t<div class=\"elementor-element elementor-element-fdeebe2 elementor-widget elementor-widget-text-editor\" data-id=\"fdeebe2\" data-element_type=\"widget\" data-e-type=\"widget\" data-widget_type=\"text-editor.default\">\n\t\t\t\t<div class=\"elementor-widget-container\">\n\t\t\t\t\t\t\t\t\t<h4>I-Seal \u2013 die zuverl\u00e4ssige und sichere L\u00f6sung f\u00fcr Transport, Logistik und industrielle Anwendungen. Robust, manipulationssicher und anpassbar an Ihre Bed\u00fcrfnisse.<\/h4>\t\t\t\t\t\t\t\t<\/div>\n\t\t\t\t<\/div>\n\t\t\t\t\t<\/div>\n\t\t<\/div>\n\t\t\t\t\t<\/div>\n\t\t<\/section>\n\t\t\t\t\t<\/div>\n\t\t<\/div>\n\t\t\t\t\t<\/div>\n\t\t<\/section>\n\t\t\t\t<\/div>\n\t\t","protected":false},"excerpt":{"rendered":"<p>I-Seal Sicherheitsplombe \u2013 die universelle L\u00f6sung, die gef\u00e4hrliches Blei ersetzt.<\/p>\n","protected":false},"featured_media":568,"template":"","meta":{"_acf_changed":false},"product_brand":[256],"product_cat":[137,69,33,230],"product_tag":[],"class_list":{"0":"post-94","1":"product","2":"type-product","3":"status-publish","4":"has-post-thumbnail","6":"product_brand-immersafe","7":"product_cat-feuerloscher","8":"product_cat-kunststoffplomben","9":"product_cat-sicherheitsplomben","10":"product_cat-spezielle-plomben","12":"first","13":"instock","14":"taxable","15":"shipping-taxable","16":"purchasable","17":"product-type-simple"},"acf":[],"tiered_pricing_type":"fixed","tiered_pricing_fixed_rules":[],"tiered_pricing_product_settings":{"layout":"default","base_unit_name":{"singular":null,"plural":null},"default_variation":null},"tiered_pricing_minimum_quantity":null,"tiered_pricing_roles_data":[],"tiered_pricing_percentage_rules":[],"_links":{"self":[{"href":"https:\/\/immersafe.de\/shop\/wp-json\/wp\/v2\/product\/94","targetHints":{"allow":["GET"]}}],"collection":[{"href":"https:\/\/immersafe.de\/shop\/wp-json\/wp\/v2\/product"}],"about":[{"href":"https:\/\/immersafe.de\/shop\/wp-json\/wp\/v2\/types\/product"}],"version-history":[{"count":10,"href":"https:\/\/immersafe.de\/shop\/wp-json\/wp\/v2\/product\/94\/revisions"}],"predecessor-version":[{"id":6818,"href":"https:\/\/immersafe.de\/shop\/wp-json\/wp\/v2\/product\/94\/revisions\/6818"}],"wp:featuredmedia":[{"embeddable":true,"href":"https:\/\/immersafe.de\/shop\/wp-json\/wp\/v2\/media\/568"}],"wp:attachment":[{"href":"https:\/\/immersafe.de\/shop\/wp-json\/wp\/v2\/media?parent=94"}],"wp:term":[{"taxonomy":"product_brand","embeddable":true,"href":"https:\/\/immersafe.de\/shop\/wp-json\/wp\/v2\/product_brand?post=94"},{"taxonomy":"product_cat","embeddable":true,"href":"https:\/\/immersafe.de\/shop\/wp-json\/wp\/v2\/product_cat?post=94"},{"taxonomy":"product_tag","embeddable":true,"href":"https:\/\/immersafe.de\/shop\/wp-json\/wp\/v2\/product_tag?post=94"}],"curies":[{"name":"wp","href":"https:\/\/api.w.org\/{rel}","templated":true}]}}